{"id":2748,"date":"2026-03-10T10:06:19","date_gmt":"2026-03-10T09:06:19","guid":{"rendered":"https:\/\/nyshadevi.com\/?page_id=2748"},"modified":"2026-03-27T16:42:52","modified_gmt":"2026-03-27T15:42:52","slug":"home-francais","status":"publish","type":"page","link":"https:\/\/nyshadevi.com\/?page_id=2748&lang=fr","title":{"rendered":"Home &#8211; Fran\u00e7ais"},"content":{"rendered":"\t\t<div data-elementor-type=\"wp-page\" data-elementor-id=\"2748\" class=\"elementor elementor-2748\">\n\t\t\t\t<div class=\"elementor-element elementor-element-c5dfc51 e-con-full e-flex e-con e-parent\" data-id=\"c5dfc51\" data-element_type=\"container\">\n\t\t<div class=\"elementor-element elementor-element-f633a32 e-con-full e-flex e-con e-child\" data-id=\"f633a32\" data-element_type=\"container\" data-settings=\"{&quot;background_background&quot;:&quot;classic&quot;}\">\n\t\t<div class=\"elementor-element elementor-element-862a8be e-flex e-con-boxed elementor-invisible e-con e-child\" data-id=\"862a8be\" data-element_type=\"container\" data-settings=\"{&quot;animation&quot;:&quot;fadeIn&quot;}\">\n\t\t\t\t\t<div class=\"e-con-inner\">\n\t\t\t\t<div class=\"elementor-element elementor-element-baeccf4 elementor-widget elementor-widget-heading\" data-id=\"baeccf4\" data-element_type=\"widget\" data-settings=\"{&quot;_animation&quot;:&quot;none&quot;}\" data-widget_type=\"heading.default\">\n\t\t\t\t\t<h2 class=\"elementor-heading-title elementor-size-default\">Clart\u00e9 Strat\u00e9gique\n&amp; Lecture des Dynamiques<\/h2>\t\t\t\t<\/div>\n\t\t\t\t<div class=\"elementor-element elementor-element-dbf7b38 elementor-widget elementor-widget-heading\" data-id=\"dbf7b38\" data-element_type=\"widget\" data-widget_type=\"heading.default\">\n\t\t\t\t\t<h2 class=\"elementor-heading-title elementor-size-default\">Certaines d\u00e9cisions ne se r\u00e9solvent pas uniquement par l'analyse.<\/h2>\t\t\t\t<\/div>\n\t\t\t\t<div class=\"elementor-element elementor-element-cf0aeb8 elementor-align-center elementor-widget elementor-widget-button\" data-id=\"cf0aeb8\" data-element_type=\"widget\" data-settings=\"{&quot;_animation&quot;:&quot;none&quot;}\" data-widget_type=\"button.default\">\n\t\t\t\t\t\t\t\t\t\t<a class=\"elementor-button elementor-button-link elementor-size-sm\" href=\"https:\/\/cal.com\/nysha-insightclarity\/60min\">\n\t\t\t\t\t\t<span class=\"elementor-button-content-wrapper\">\n\t\t\t\t\t\t\t\t\t<span class=\"elementor-button-text\">Demander une session priv\u00e9e<\/span>\n\t\t\t\t\t<\/span>\n\t\t\t\t\t<\/a>\n\t\t\t\t\t\t\t\t<\/div>\n\t\t\t\t\t<\/div>\n\t\t\t\t<\/div>\n\t\t\t\t<\/div>\n\t\t\t\t<\/div>\n\t\t<div class=\"elementor-element elementor-element-d006c50 e-con-full e-flex e-con e-parent\" data-id=\"d006c50\" data-element_type=\"container\">\n\t\t<div class=\"elementor-element elementor-element-bccef8f e-con-full e-flex e-con e-child\" data-id=\"bccef8f\" data-element_type=\"container\">\n\t\t<div class=\"elementor-element elementor-element-3177b2f e-flex e-con-boxed e-con e-child\" data-id=\"3177b2f\" data-element_type=\"container\" data-settings=\"{&quot;animation&quot;:&quot;none&quot;}\">\n\t\t\t\t\t<div class=\"e-con-inner\">\n\t\t\t\t<div class=\"elementor-element elementor-element-761c9a0 elementor-invisible elementor-widget elementor-widget-heading\" data-id=\"761c9a0\" data-element_type=\"widget\" data-settings=\"{&quot;_animation&quot;:&quot;fadeInUp&quot;}\" data-widget_type=\"heading.default\">\n\t\t\t\t\t<h2 class=\"elementor-heading-title elementor-size-default\">Pour les d\u00e9cisions \u00e0 fort enjeu<\/h2>\t\t\t\t<\/div>\n\t\t\t\t<div class=\"elementor-element elementor-element-ec4f847 elementor-widget__width-initial elementor-widget-mobile__width-initial elementor-invisible elementor-widget elementor-widget-text-editor\" data-id=\"ec4f847\" data-element_type=\"widget\" data-settings=\"{&quot;_animation&quot;:&quot;fadeInUp&quot;}\" data-widget_type=\"text-editor.default\">\n\t\t\t\t\t\t\t\t\t<p>Les d\u00e9cisions importantes impliquent souvent des facteurs invisibles : timing, dynamiques humaines, signaux subtils, qualit\u00e9 de conscience dans la lecture d&rsquo;une situation.<\/p><p>Mon travail s&rsquo;adresse aux leaders qui comprennent que l&rsquo;intuition est une forme d&rsquo;intelligence avanc\u00e9e lorsqu&rsquo;elle est guid\u00e9e par le discernement.<\/p><div class=\"pt-6 space-y-1 text-foreground\/80 italic font-serif text-base\"><p class=\"text-sm text-ghost\"><em><strong><span class=\"section-label mr-2\">Ce n&rsquo;est pas <\/span><span class=\"font-display\">du coaching<\/span><\/strong><\/em><\/p><p class=\"text-sm text-ghost\"><em><strong><span class=\"section-label mr-2\">Ce n&rsquo;est pas <\/span><span class=\"font-display\">de la th\u00e9rapie<\/span><\/strong><\/em><\/p><p class=\"text-sm text-ghost\"><em><strong><span class=\"section-label mr-2\">C&rsquo;est <\/span><span class=\"font-display\">la clart\u00e9 des d\u00e9cisions<\/span><\/strong><\/em><\/p><\/div>\t\t\t\t\t\t\t\t<\/div>\n\t\t\t\t\t<\/div>\n\t\t\t\t<\/div>\n\t\t\t\t<div class=\"elementor-element elementor-element-e92428d elementor-widget-divider--view-line elementor-widget elementor-widget-divider\" data-id=\"e92428d\" data-element_type=\"widget\" data-widget_type=\"divider.default\">\n\t\t\t\t\t\t\t<div class=\"elementor-divider\">\n\t\t\t<span class=\"elementor-divider-separator\">\n\t\t\t\t\t\t<\/span>\n\t\t<\/div>\n\t\t\t\t\t\t<\/div>\n\t\t\t\t<div class=\"elementor-element elementor-element-2e5ea15 elementor-invisible elementor-widget elementor-widget-heading\" data-id=\"2e5ea15\" data-element_type=\"widget\" data-settings=\"{&quot;_animation&quot;:&quot;fadeInUp&quot;}\" data-widget_type=\"heading.default\">\n\t\t\t\t\t<h2 class=\"elementor-heading-title elementor-size-default\">Une approche bas\u00e9e sur la conscience et la perception<\/h2>\t\t\t\t<\/div>\n\t\t<div class=\"elementor-element elementor-element-20696dd e-flex e-con-boxed elementor-invisible e-con e-child\" data-id=\"20696dd\" data-element_type=\"container\" data-settings=\"{&quot;animation&quot;:&quot;fadeInUp&quot;}\">\n\t\t\t\t\t<div class=\"e-con-inner\">\n\t\t<div class=\"elementor-element elementor-element-64ce389 e-con-full e-flex e-con e-child\" data-id=\"64ce389\" data-element_type=\"container\">\n\t\t\t\t<\/div>\n\t\t<div class=\"elementor-element elementor-element-c55c50f e-con-full e-flex e-con e-child\" data-id=\"c55c50f\" data-element_type=\"container\">\n\t\t\t\t<div class=\"elementor-element elementor-element-4a70f83 elementor-widget elementor-widget-text-editor\" data-id=\"4a70f83\" data-element_type=\"widget\" data-widget_type=\"text-editor.default\">\n\t\t\t\t\t\t\t\t\t<p class=\"font-display text-xl md:text-2xl leading-relaxed mb-8\">Mon approche s&rsquo;appuie sur la connexion \u00e0 ce que certains philosophes nomment la <em>noosph\u00e8re<\/em> : un champ de conscience collectif o\u00f9 circulent informations, intuitions et dynamiques humaines.<\/p><p class=\"text-sm leading-loose text-ghost mb-12\">Cette lecture permet un discernement fin.<\/p><p class=\"text-sm leading-loose text-ghost mb-12\">Des supports symboliques peuvent \u00eatre utilis\u00e9s, mais l&rsquo;objectif reste toujours la clart\u00e9 de lecture et la justesse des d\u00e9cisions.<\/p><ul class=\"space-y-3\"><li class=\"flex items-center gap-3\"><span class=\"text-sm\">dynamiques sous-jacentes<\/span><\/li><li class=\"flex items-center gap-3\"><span class=\"text-sm\">signaux subconscients<\/span><\/li><li class=\"flex items-center gap-3\"><span class=\"text-sm\">sch\u00e9mas relationnels<\/span><\/li><li class=\"flex items-center gap-3\"><span class=\"text-sm\">dynamiques de partenariat<\/span><\/li><li class=\"flex items-center gap-3\"><span class=\"text-sm\">timing d\u00e9cisionnel<\/span><\/li><li class=\"flex items-center gap-3\"><span class=\"text-sm\">opportunit\u00e9s \u00e9mergentes<\/span><\/li><\/ul>\t\t\t\t\t\t\t\t<\/div>\n\t\t\t\t<\/div>\n\t\t<div class=\"elementor-element elementor-element-0cbe90e e-con-full e-flex e-con e-child\" data-id=\"0cbe90e\" data-element_type=\"container\">\n\t\t\t\t<\/div>\n\t\t\t\t\t<\/div>\n\t\t\t\t<\/div>\n\t\t\t\t<div class=\"elementor-element elementor-element-fe1c54c elementor-invisible elementor-widget elementor-widget-heading\" data-id=\"fe1c54c\" data-element_type=\"widget\" data-settings=\"{&quot;_animation&quot;:&quot;fadeInUp&quot;}\" data-widget_type=\"heading.default\">\n\t\t\t\t\t<h2 class=\"elementor-heading-title elementor-size-default\">Une session peut \u00e9clairer<\/h2>\t\t\t\t<\/div>\n\t\t<div class=\"elementor-element elementor-element-8ccd2d5 e-con-full e-flex elementor-invisible e-con e-child\" data-id=\"8ccd2d5\" data-element_type=\"container\" data-settings=\"{&quot;animation&quot;:&quot;fadeInUp&quot;}\">\n\t\t<div class=\"elementor-element elementor-element-1066691 e-con-full e-flex e-con e-child\" data-id=\"1066691\" data-element_type=\"container\">\n\t\t\t\t<\/div>\n\t\t<div class=\"elementor-element elementor-element-76e6b05 e-con-full e-flex e-con e-child\" data-id=\"76e6b05\" data-element_type=\"container\">\n\t\t\t\t<div class=\"elementor-element elementor-element-68e8660 elementor-widget__width-initial elementor-widget elementor-widget-text-editor\" data-id=\"68e8660\" data-element_type=\"widget\" data-widget_type=\"text-editor.default\">\n\t\t\t\t\t\t\t\t\t<ul><li data-start=\"69\" data-end=\"225\">d\u00e9cisions professionnelles majeures<\/li><li data-start=\"69\" data-end=\"225\">choix de direction<\/li><li data-start=\"69\" data-end=\"225\">partenariats sensibles<\/li><li data-start=\"69\" data-end=\"225\">dynamiques relationnelles complexes<\/li><li data-start=\"69\" data-end=\"225\">p\u00e9riodes de transition<\/li><\/ul><p data-start=\"227\" data-end=\"347\">\u00a0<\/p><p data-start=\"227\" data-end=\"347\">De nombreux enjeux strat\u00e9giques sont, au fond, humains et relationnels.<\/p><p data-start=\"227\" data-end=\"347\">Le discernement permet d&rsquo;en saisir la subtilit\u00e9.<\/p>\t\t\t\t\t\t\t\t<\/div>\n\t\t\t\t<div class=\"elementor-element elementor-element-531bcee elementor-widget elementor-widget-heading\" data-id=\"531bcee\" data-element_type=\"widget\" data-widget_type=\"heading.default\">\n\t\t\t\t\t<h2 class=\"elementor-heading-title elementor-size-default\">Percevoir ce qui n'est pas imm\u00e9diatement visible.<\/h2>\t\t\t\t<\/div>\n\t\t\t\t<div class=\"elementor-element elementor-element-09617f1 elementor-widget elementor-widget-heading\" data-id=\"09617f1\" data-element_type=\"widget\" data-widget_type=\"heading.default\">\n\t\t\t\t\t<h2 class=\"elementor-heading-title elementor-size-default\">Le discernement permet d'en saisir la subtilit\u00e9.\n\n\n<br>Percevoir ce qui n'est pas imm\u00e9diatement visible.<\/br><\/h2>\t\t\t\t<\/div>\n\t\t\t\t<\/div>\n\t\t<div class=\"elementor-element elementor-element-d10ef3c e-con-full e-flex e-con e-child\" data-id=\"d10ef3c\" data-element_type=\"container\">\n\t\t\t\t<\/div>\n\t\t\t\t<\/div>\n\t\t\t\t<div class=\"elementor-element elementor-element-3ebbdff elementor-widget-divider--view-line elementor-widget elementor-widget-divider\" data-id=\"3ebbdff\" data-element_type=\"widget\" data-widget_type=\"divider.default\">\n\t\t\t\t\t\t\t<div class=\"elementor-divider\">\n\t\t\t<span class=\"elementor-divider-separator\">\n\t\t\t\t\t\t<\/span>\n\t\t<\/div>\n\t\t\t\t\t\t<\/div>\n\t\t\t\t<\/div>\n\t\t\t\t<\/div>\n\t\t<div class=\"elementor-element elementor-element-f05065d e-con-full e-flex e-con e-parent\" data-id=\"f05065d\" data-element_type=\"container\">\n\t\t<div class=\"elementor-element elementor-element-3803c93 e-con-full e-flex e-con e-child\" data-id=\"3803c93\" data-element_type=\"container\" data-settings=\"{&quot;background_background&quot;:&quot;classic&quot;}\">\n\t\t<div class=\"elementor-element elementor-element-88e722e e-con-full e-flex e-con e-child\" data-id=\"88e722e\" data-element_type=\"container\">\n\t\t\t\t<\/div>\n\t\t<div class=\"elementor-element elementor-element-c98ccee e-con-full e-flex e-con e-child\" data-id=\"c98ccee\" data-element_type=\"container\">\n\t\t\t\t<div class=\"elementor-element elementor-element-96bdaca elementor-invisible elementor-widget elementor-widget-heading\" data-id=\"96bdaca\" data-element_type=\"widget\" data-settings=\"{&quot;_animation&quot;:&quot;fadeInUp&quot;}\" data-widget_type=\"heading.default\">\n\t\t\t\t\t<h2 class=\"elementor-heading-title elementor-size-default\">Pour qui ?<\/h2>\t\t\t\t<\/div>\n\t\t<div class=\"elementor-element elementor-element-7d6117a e-con-full e-flex elementor-invisible e-con e-child\" data-id=\"7d6117a\" data-element_type=\"container\" data-settings=\"{&quot;animation&quot;:&quot;fadeInUp&quot;}\">\n\t\t\t\t<div class=\"elementor-element elementor-element-0498fdc elementor-widget elementor-widget-heading\" data-id=\"0498fdc\" data-element_type=\"widget\" data-widget_type=\"heading.default\">\n\t\t\t\t\t<h2 class=\"elementor-heading-title elementor-size-default\">Pour toute personne traversant :<\/h2>\t\t\t\t<\/div>\n\t\t<div class=\"elementor-element elementor-element-97a6655 e-con-full e-flex e-con e-child\" data-id=\"97a6655\" data-element_type=\"container\">\n\t\t\t\t<div class=\"elementor-element elementor-element-40feb2e elementor-widget elementor-widget-text-editor\" data-id=\"40feb2e\" data-element_type=\"widget\" data-widget_type=\"text-editor.default\">\n\t\t\t\t\t\t\t\t\t<ul><li class=\"flex items-center gap-3\"><span style=\"color: #ffffff;\">une d\u00e9cision importante <\/span><span style=\"color: #ffffff;\">instable<\/span><\/li><li><span style=\"color: #ffffff;\">un doute relationnel<\/span><\/li><li><span style=\"color: #ffffff;\">une \u00e9volution professionnelle<\/span><\/li><li><span style=\"color: #ffffff;\">une p\u00e9riode de transition<\/span><\/li><li><span style=\"color: #ffffff;\">une situation floue ou intrins\u00e8quement instable<\/span><\/li><\/ul>\t\t\t\t\t\t\t\t<\/div>\n\t\t\t\t<\/div>\n\t\t\t\t<div class=\"elementor-element elementor-element-83f0aa6 elementor-widget elementor-widget-heading\" data-id=\"83f0aa6\" data-element_type=\"widget\" data-widget_type=\"heading.default\">\n\t\t\t\t\t<h2 class=\"elementor-heading-title elementor-size-default\">Chaque session est strictement confidentielle, sur-mesure et orient\u00e9e vers la clart\u00e9 d\u00e9cisionnelle.<\/h2>\t\t\t\t<\/div>\n\t\t\t\t<div class=\"elementor-element elementor-element-ceea0f8 elementor-widget elementor-widget-heading\" data-id=\"ceea0f8\" data-element_type=\"widget\" data-widget_type=\"heading.default\">\n\t\t\t\t\t<h2 class=\"elementor-heading-title elementor-size-default\">Je travaille avec un nombre limit\u00e9 de personnes afin de pr\u00e9server qualit\u00e9 et profondeur.<\/h2>\t\t\t\t<\/div>\n\t\t\t\t<\/div>\n\t\t\t\t<\/div>\n\t\t<div class=\"elementor-element elementor-element-533d1c0 e-con-full e-flex e-con e-child\" data-id=\"533d1c0\" data-element_type=\"container\">\n\t\t\t\t<\/div>\n\t\t\t\t<\/div>\n\t\t\t\t<\/div>\n\t\t<div class=\"elementor-element elementor-element-9498a7f e-con-full e-flex e-con e-parent\" data-id=\"9498a7f\" data-element_type=\"container\">\n\t\t<div class=\"elementor-element elementor-element-b999951 e-con-full e-flex e-con e-child\" data-id=\"b999951\" data-element_type=\"container\">\n\t\t\t\t<div class=\"elementor-element elementor-element-30229a8 elementor-invisible elementor-widget elementor-widget-heading\" data-id=\"30229a8\" data-element_type=\"widget\" data-settings=\"{&quot;_animation&quot;:&quot;fadeInUp&quot;}\" data-widget_type=\"heading.default\">\n\t\t\t\t\t<h2 class=\"elementor-heading-title elementor-size-default\">Session de Clart\u00e9<\/h2>\t\t\t\t<\/div>\n\t\t<div class=\"elementor-element elementor-element-701dfa0 e-con-full e-flex e-con e-child\" data-id=\"701dfa0\" data-element_type=\"container\">\n\t\t<div class=\"elementor-element elementor-element-89f4bda e-con-full e-flex elementor-invisible e-con e-child\" data-id=\"89f4bda\" data-element_type=\"container\" data-settings=\"{&quot;background_background&quot;:&quot;classic&quot;,&quot;animation&quot;:&quot;fadeInUp&quot;}\">\n\t\t<div class=\"elementor-element elementor-element-df348cd e-con-full e-flex e-con e-child\" data-id=\"df348cd\" data-element_type=\"container\">\n\t\t\t\t<div class=\"elementor-element elementor-element-6693a63 elementor-widget elementor-widget-heading\" data-id=\"6693a63\" data-element_type=\"widget\" data-widget_type=\"heading.default\">\n\t\t\t\t\t<h2 class=\"elementor-heading-title elementor-size-default\">Session de Clart\u00e9<\/h2>\t\t\t\t<\/div>\n\t\t\t\t<div class=\"elementor-element elementor-element-88670c0 elementor-widget elementor-widget-heading\" data-id=\"88670c0\" data-element_type=\"widget\" data-widget_type=\"heading.default\">\n\t\t\t\t\t<h2 class=\"elementor-heading-title elementor-size-default\">60 minutes<\/h2>\t\t\t\t<\/div>\n\t\t\t\t<div class=\"elementor-element elementor-element-5bb21f6 elementor-widget elementor-widget-heading\" data-id=\"5bb21f6\" data-element_type=\"widget\" data-widget_type=\"heading.default\">\n\t\t\t\t\t<h2 class=\"elementor-heading-title elementor-size-default\">Une s\u00e9ance priv\u00e9e et privil\u00e9gi\u00e9e pour faire le point sur des choix de vie ou de carri\u00e8re importants. <\/h2>\t\t\t\t<\/div>\n\t\t\t\t<div class=\"elementor-element elementor-element-69e75d4 elementor-widget elementor-widget-heading\" data-id=\"69e75d4\" data-element_type=\"widget\" data-widget_type=\"heading.default\">\n\t\t\t\t\t<h2 class=\"elementor-heading-title elementor-size-default\">Con\u00e7ue pour apporter un regard neuf.<\/h2>\t\t\t\t<\/div>\n\t\t\t\t<div class=\"elementor-element elementor-element-0ee6ad9 elementor-widget elementor-widget-heading\" data-id=\"0ee6ad9\" data-element_type=\"widget\" data-widget_type=\"heading.default\">\n\t\t\t\t\t<h2 class=\"elementor-heading-title elementor-size-default\">\u2022 les moments de transition<\/h2>\t\t\t\t<\/div>\n\t\t\t\t<div class=\"elementor-element elementor-element-07af97e elementor-widget elementor-widget-heading\" data-id=\"07af97e\" data-element_type=\"widget\" data-widget_type=\"heading.default\">\n\t\t\t\t\t<h2 class=\"elementor-heading-title elementor-size-default\">\u2022 vos orientations strat\u00e9giques<\/h2>\t\t\t\t<\/div>\n\t\t\t\t<div class=\"elementor-element elementor-element-288039d elementor-widget elementor-widget-heading\" data-id=\"288039d\" data-element_type=\"widget\" data-widget_type=\"heading.default\">\n\t\t\t\t\t<h2 class=\"elementor-heading-title elementor-size-default\">\u2022 le bon positionnement et le bon timing<\/h2>\t\t\t\t<\/div>\n\t\t\t\t<div class=\"elementor-element elementor-element-6b0f218 elementor-widget elementor-widget-heading\" data-id=\"6b0f218\" data-element_type=\"widget\" data-widget_type=\"heading.default\">\n\t\t\t\t\t<h2 class=\"elementor-heading-title elementor-size-default\">\u2022 la compr\u00e9hension des relations et des \u00e9changes<\/h2>\t\t\t\t<\/div>\n\t\t\t\t<div class=\"elementor-element elementor-element-31cd69d elementor-widget elementor-widget-heading\" data-id=\"31cd69d\" data-element_type=\"widget\" data-widget_type=\"heading.default\">\n\t\t\t\t\t<h2 class=\"elementor-heading-title elementor-size-default\">Une seule s\u00e9ance peut suffire \u00e0 changer de regard. <br>Parfois, il suffit d'un d\u00e9clic pour voir clair.<\/br><\/h2>\t\t\t\t<\/div>\n\t\t\t\t<div class=\"elementor-element elementor-element-16f0cfa elementor-align-center elementor-widget elementor-widget-button\" data-id=\"16f0cfa\" data-element_type=\"widget\" data-widget_type=\"button.default\">\n\t\t\t\t\t\t\t\t\t\t<a class=\"elementor-button elementor-button-link elementor-size-sm\" href=\"https:\/\/cal.com\/nysha-insightclarity\/60min\">\n\t\t\t\t\t\t<span class=\"elementor-button-content-wrapper\">\n\t\t\t\t\t\t\t\t\t<span class=\"elementor-button-text\">R\u00e9server une session<\/span>\n\t\t\t\t\t<\/span>\n\t\t\t\t\t<\/a>\n\t\t\t\t\t\t\t\t<\/div>\n\t\t\t\t<\/div>\n\t\t\t\t<\/div>\n\t\t\t\t<\/div>\n\t\t\t\t<\/div>\n\t\t\t\t<\/div>\n\t\t\t\t<\/div>\n\t\t","protected":false},"excerpt":{"rendered":"<p>Clart\u00e9 Strat\u00e9gique &amp; Lecture des Dynamiques Certaines d\u00e9cisions ne se r\u00e9solvent pas uniquement par l&rsquo;analyse. Demander une session priv\u00e9e Pour les d\u00e9cisions \u00e0 fort enjeu Les d\u00e9cisions importantes impliquent souvent des facteurs invisibles : timing, dynamiques humaines, signaux subtils, qualit\u00e9 de conscience dans la lecture d&rsquo;une situation. Mon travail s&rsquo;adresse aux leaders qui comprennent que [&hellip;]<\/p>\n","protected":false},"author":1,"featured_media":0,"parent":0,"menu_order":0,"comment_status":"closed","ping_status":"closed","template":"elementor_header_footer","meta":{"footnotes":""},"class_list":["post-2748","page","type-page","status-publish","hentry"],"_links":{"self":[{"href":"https:\/\/nyshadevi.com\/index.php?rest_route=\/wp\/v2\/pages\/2748","targetHints":{"allow":["GET"]}}],"collection":[{"href":"https:\/\/nyshadevi.com\/index.php?rest_route=\/wp\/v2\/pages"}],"about":[{"href":"https:\/\/nyshadevi.com\/index.php?rest_route=\/wp\/v2\/types\/page"}],"author":[{"embeddable":true,"href":"https:\/\/nyshadevi.com\/index.php?rest_route=\/wp\/v2\/users\/1"}],"replies":[{"embeddable":true,"href":"https:\/\/nyshadevi.com\/index.php?rest_route=%2Fwp%2Fv2%2Fcomments&post=2748"}],"version-history":[{"count":229,"href":"https:\/\/nyshadevi.com\/index.php?rest_route=\/wp\/v2\/pages\/2748\/revisions"}],"predecessor-version":[{"id":3009,"href":"https:\/\/nyshadevi.com\/index.php?rest_route=\/wp\/v2\/pages\/2748\/revisions\/3009"}],"wp:attachment":[{"href":"https:\/\/nyshadevi.com\/index.php?rest_route=%2Fwp%2Fv2%2Fmedia&parent=2748"}],"curies":[{"name":"wp","href":"https:\/\/api.w.org\/{rel}","templated":true}]}}